{"id":231,"date":"2020-08-22T00:38:08","date_gmt":"2020-08-22T00:38:08","guid":{"rendered":"https:\/\/bighearts.wgl-demo.net\/?page_id=231"},"modified":"2023-09-21T17:23:53","modified_gmt":"2023-09-21T17:23:53","slug":"about-us","status":"publish","type":"page","link":"https:\/\/senseoflife.us\/es\/about-us\/","title":{"rendered":"Qui\u00e9nes Somos"},"content":{"rendered":"<div data-elementor-type=\"wp-page\" data-elementor-id=\"231\" class=\"elementor elementor-231\">\n\t\t\t\t\t\t<section class=\"elementor-section elementor-top-section elementor-element elementor-element-04f3b73 elementor-section-boxed elementor-section-height-default elementor-section-height-default\" data-id=\"04f3b73\" data-element_type=\"section\" data-e-type=\"section\">\n\t\t\t\t\t\t<div class=\"elementor-container elementor-column-gap-default\">\n\t\t\t\t\t<div class=\"elementor-column elementor-col-100 elementor-top-column elementor-element elementor-element-f6ced66\" data-id=\"f6ced66\" data-element_type=\"column\" data-e-type=\"column\">\n\t\t\t<div class=\"elementor-widget-wrap elementor-element-populated\">\n\t\t\t\t\t\t<div class=\"elementor-element elementor-element-39405d9 elementor-widget elementor-widget-spacer\" data-id=\"39405d9\" data-element_type=\"widget\" data-e-type=\"widget\" data-widget_type=\"spacer.default\">\n\t\t\t\t<div class=\"elementor-widget-container\">\n\t\t\t\t\t\t\t<div class=\"elementor-spacer\">\n\t\t\t<div class=\"elementor-spacer-inner\"><\/div>\n\t\t<\/div>\n\t\t\t\t\t\t<\/div>\n\t\t\t\t<\/div>\n\t\t\t\t\t<\/div>\n\t\t<\/div>\n\t\t\t\t\t<\/div>\n\t\t<\/section>\n\t\t\t\t<section class=\"elementor-section elementor-top-section elementor-element elementor-element-8f675e8 elementor-section-boxed elementor-section-height-default elementor-section-height-default\" data-id=\"8f675e8\" data-element_type=\"section\" data-e-type=\"section\">\n\t\t\t\t\t\t<div class=\"elementor-container elementor-column-gap-default\">\n\t\t\t\t\t<div class=\"elementor-column elementor-col-100 elementor-top-column elementor-element elementor-element-6e4d141\" data-id=\"6e4d141\" data-element_type=\"column\" data-e-type=\"column\">\n\t\t\t<div class=\"elementor-widget-wrap elementor-element-populated\">\n\t\t\t\t\t\t<div class=\"elementor-element elementor-element-5c1100d elementor-widget elementor-widget-heading\" data-id=\"5c1100d\" data-element_type=\"widget\" data-e-type=\"widget\" data-widget_type=\"heading.default\">\n\t\t\t\t<div class=\"elementor-widget-container\">\n\t\t\t\t\t<h2 class=\"elementor-heading-title elementor-size-default\">\u201cSense of Life fortalece la raz\u00f3n de vivir y compartir\u201d\n<\/h2>\t\t\t\t<\/div>\n\t\t\t\t<\/div>\n\t\t\t\t\t<\/div>\n\t\t<\/div>\n\t\t\t\t\t<\/div>\n\t\t<\/section>\n\t\t\t\t<section class=\"elementor-section elementor-top-section elementor-element elementor-element-32ba15f elementor-section-boxed elementor-section-height-default elementor-section-height-default\" data-id=\"32ba15f\" data-element_type=\"section\" data-e-type=\"section\">\n\t\t\t\t\t\t<div class=\"elementor-container elementor-column-gap-default\">\n\t\t\t\t\t<div class=\"elementor-column elementor-col-100 elementor-top-column elementor-element elementor-element-2b3c144\" data-id=\"2b3c144\" data-element_type=\"column\" data-e-type=\"column\">\n\t\t\t<div class=\"elementor-widget-wrap elementor-element-populated\">\n\t\t\t\t\t\t<div class=\"elementor-element elementor-element-3fbd443 elementor-widget elementor-widget-text-editor\" data-id=\"3fbd443\" data-element_type=\"widget\" data-e-type=\"widget\" data-widget_type=\"text-editor.default\">\n\t\t\t\t<div class=\"elementor-widget-container\">\n\t\t\t\t\t\t\t\t\t<p>\u00a0<\/p><p><strong>Sense of Life, Social Welfare<\/strong>, es una fundaci\u00f3n americana que ejecuta planes, programas, proyectos a trav\u00e9s de actividades y donaciones para la protecci\u00f3n, conservaci\u00f3n y mejoramiento de las familias en condiciones de pobreza o vulnerabilidad en el Ecuador a trav\u00e9s de Corporaci\u00f3n Familia, una organizaci\u00f3n sin fines de lucro legalmente aprobada el 1 de enero 07 de 2003 por el Ministerio de Bienestar Social del Ecuador.\u00a0<\/p>\t\t\t\t\t\t\t\t<\/div>\n\t\t\t\t<\/div>\n\t\t\t\t<div class=\"elementor-element elementor-element-0daef37 elementor-widget elementor-widget-spacer\" data-id=\"0daef37\" data-element_type=\"widget\" data-e-type=\"widget\" data-widget_type=\"spacer.default\">\n\t\t\t\t<div class=\"elementor-widget-container\">\n\t\t\t\t\t\t\t<div class=\"elementor-spacer\">\n\t\t\t<div class=\"elementor-spacer-inner\"><\/div>\n\t\t<\/div>\n\t\t\t\t\t\t<\/div>\n\t\t\t\t<\/div>\n\t\t\t\t\t<\/div>\n\t\t<\/div>\n\t\t\t\t\t<\/div>\n\t\t<\/section>\n\t\t\t\t<section class=\"elementor-section elementor-top-section elementor-element elementor-element-01643d3 elementor-section-boxed elementor-section-height-default elementor-section-height-default\" data-id=\"01643d3\" data-element_type=\"section\" data-e-type=\"section\">\n\t\t\t\t\t\t<div class=\"elementor-container elementor-column-gap-default\">\n\t\t\t\t\t<div class=\"elementor-column elementor-col-50 elementor-top-column elementor-element elementor-element-e32dc3f\" data-id=\"e32dc3f\" data-element_type=\"column\" data-e-type=\"column\">\n\t\t\t<div class=\"elementor-widget-wrap elementor-element-populated\">\n\t\t\t\t\t\t<div class=\"elementor-element elementor-element-6836907 elementor-widget elementor-widget-image\" data-id=\"6836907\" data-element_type=\"widget\" data-e-type=\"widget\" data-widget_type=\"image.default\">\n\t\t\t\t<div class=\"elementor-widget-container\">\n\t\t\t\t\t\t\t\t\t\t\t\t\t\t\t<img fetchpriority=\"high\" decoding=\"async\" width=\"770\" height=\"1024\" src=\"https:\/\/senseoflife.us\/wp-content\/uploads\/2023\/09\/FinalLetter_88-2406596_SENSEOFLIFESOCIALWELFAREINC_06062022_00-1-770x1024.jpg\" class=\"attachment-large size-large wp-image-9477\" alt=\"\" srcset=\"https:\/\/senseoflife.us\/wp-content\/uploads\/2023\/09\/FinalLetter_88-2406596_SENSEOFLIFESOCIALWELFAREINC_06062022_00-1-770x1024.jpg 770w, https:\/\/senseoflife.us\/wp-content\/uploads\/2023\/09\/FinalLetter_88-2406596_SENSEOFLIFESOCIALWELFAREINC_06062022_00-1-226x300.jpg 226w, https:\/\/senseoflife.us\/wp-content\/uploads\/2023\/09\/FinalLetter_88-2406596_SENSEOFLIFESOCIALWELFAREINC_06062022_00-1-768x1022.jpg 768w, https:\/\/senseoflife.us\/wp-content\/uploads\/2023\/09\/FinalLetter_88-2406596_SENSEOFLIFESOCIALWELFAREINC_06062022_00-1-1155x1536.jpg 1155w, https:\/\/senseoflife.us\/wp-content\/uploads\/2023\/09\/FinalLetter_88-2406596_SENSEOFLIFESOCIALWELFAREINC_06062022_00-1-1540x2048.jpg 1540w, https:\/\/senseoflife.us\/wp-content\/uploads\/2023\/09\/FinalLetter_88-2406596_SENSEOFLIFESOCIALWELFAREINC_06062022_00-1-9x12.jpg 9w, https:\/\/senseoflife.us\/wp-content\/uploads\/2023\/09\/FinalLetter_88-2406596_SENSEOFLIFESOCIALWELFAREINC_06062022_00-1-scaled.jpg 1925w\" sizes=\"(max-width: 770px) 100vw, 770px\" \/>\t\t\t\t\t\t\t\t\t\t\t\t\t\t\t<\/div>\n\t\t\t\t<\/div>\n\t\t\t\t\t<\/div>\n\t\t<\/div>\n\t\t\t\t<div class=\"elementor-column elementor-col-50 elementor-top-column elementor-element elementor-element-4fd7778\" data-id=\"4fd7778\" data-element_type=\"column\" data-e-type=\"column\">\n\t\t\t<div class=\"elementor-widget-wrap\">\n\t\t\t\t\t\t\t<\/div>\n\t\t<\/div>\n\t\t\t\t\t<\/div>\n\t\t<\/section>\n\t\t\t\t<section class=\"elementor-section elementor-top-section elementor-element elementor-element-adce146 elementor-section-boxed elementor-section-height-default elementor-section-height-default\" data-id=\"adce146\" data-element_type=\"section\" data-e-type=\"section\">\n\t\t\t\t\t\t<div class=\"elementor-container elementor-column-gap-default\">\n\t\t\t\t\t<div class=\"elementor-column elementor-col-100 elementor-top-column elementor-element elementor-element-a2e56e8\" data-id=\"a2e56e8\" data-element_type=\"column\" data-e-type=\"column\">\n\t\t\t<div class=\"elementor-widget-wrap elementor-element-populated\">\n\t\t\t\t\t\t<div class=\"elementor-element elementor-element-6d9c7e8 elementor-widget elementor-widget-heading\" data-id=\"6d9c7e8\" data-element_type=\"widget\" data-e-type=\"widget\" data-widget_type=\"heading.default\">\n\t\t\t\t<div class=\"elementor-widget-container\">\n\t\t\t\t\t<h2 class=\"elementor-heading-title elementor-size-default\">NUESTRA MISI\u00d3N<\/h2>\t\t\t\t<\/div>\n\t\t\t\t<\/div>\n\t\t\t\t\t<\/div>\n\t\t<\/div>\n\t\t\t\t\t<\/div>\n\t\t<\/section>\n\t\t\t\t<section class=\"elementor-section elementor-top-section elementor-element elementor-element-d981706 elementor-section-boxed elementor-section-height-default elementor-section-height-default\" data-id=\"d981706\" data-element_type=\"section\" data-e-type=\"section\">\n\t\t\t\t\t\t<div class=\"elementor-container elementor-column-gap-default\">\n\t\t\t\t\t<div class=\"elementor-column elementor-col-100 elementor-top-column elementor-element elementor-element-6c097dd\" data-id=\"6c097dd\" data-element_type=\"column\" data-e-type=\"column\">\n\t\t\t<div class=\"elementor-widget-wrap elementor-element-populated\">\n\t\t\t\t\t\t<div class=\"elementor-element elementor-element-3bec44d elementor-widget elementor-widget-text-editor\" data-id=\"3bec44d\" data-element_type=\"widget\" data-e-type=\"widget\" data-widget_type=\"text-editor.default\">\n\t\t\t\t<div class=\"elementor-widget-container\">\n\t\t\t\t\t\t\t\t\t<p>Se enfoca en llevar esperanza, alegr\u00eda y amor. Apoyamos a familias de escasos recursos con una propuesta de fortalecimiento humano e integral para garantizar su estabilidad y mejorar su calidad de vida.<\/p>\t\t\t\t\t\t\t\t<\/div>\n\t\t\t\t<\/div>\n\t\t\t\t<div class=\"elementor-element elementor-element-88b64f1 elementor-widget elementor-widget-spacer\" data-id=\"88b64f1\" data-element_type=\"widget\" data-e-type=\"widget\" data-widget_type=\"spacer.default\">\n\t\t\t\t<div class=\"elementor-widget-container\">\n\t\t\t\t\t\t\t<div class=\"elementor-spacer\">\n\t\t\t<div class=\"elementor-spacer-inner\"><\/div>\n\t\t<\/div>\n\t\t\t\t\t\t<\/div>\n\t\t\t\t<\/div>\n\t\t\t\t\t<\/div>\n\t\t<\/div>\n\t\t\t\t\t<\/div>\n\t\t<\/section>\n\t\t\t\t<section class=\"elementor-section elementor-top-section elementor-element elementor-element-c1200ac elementor-section-boxed elementor-section-height-default elementor-section-height-default\" data-id=\"c1200ac\" data-element_type=\"section\" data-e-type=\"section\">\n\t\t\t\t\t\t<div class=\"elementor-container elementor-column-gap-default\">\n\t\t\t\t\t<div class=\"elementor-column elementor-col-100 elementor-top-column elementor-element elementor-element-89be95a\" data-id=\"89be95a\" data-element_type=\"column\" data-e-type=\"column\">\n\t\t\t<div class=\"elementor-widget-wrap elementor-element-populated\">\n\t\t\t\t\t\t<div class=\"elementor-element elementor-element-3a7ed46 elementor-widget elementor-widget-heading\" data-id=\"3a7ed46\" data-element_type=\"widget\" data-e-type=\"widget\" data-widget_type=\"heading.default\">\n\t\t\t\t<div class=\"elementor-widget-container\">\n\t\t\t\t\t<h2 class=\"elementor-heading-title elementor-size-default\">NUESTRA VISI\u00d3N<\/h2>\t\t\t\t<\/div>\n\t\t\t\t<\/div>\n\t\t\t\t\t<\/div>\n\t\t<\/div>\n\t\t\t\t\t<\/div>\n\t\t<\/section>\n\t\t\t\t<section class=\"elementor-section elementor-top-section elementor-element elementor-element-0d8ce42 elementor-section-boxed elementor-section-height-default elementor-section-height-default\" data-id=\"0d8ce42\" data-element_type=\"section\" data-e-type=\"section\">\n\t\t\t\t\t\t<div class=\"elementor-container elementor-column-gap-default\">\n\t\t\t\t\t<div class=\"elementor-column elementor-col-100 elementor-top-column elementor-element elementor-element-94e4fae\" data-id=\"94e4fae\" data-element_type=\"column\" data-e-type=\"column\">\n\t\t\t<div class=\"elementor-widget-wrap elementor-element-populated\">\n\t\t\t\t\t\t<div class=\"elementor-element elementor-element-80ab620 elementor-widget elementor-widget-text-editor\" data-id=\"80ab620\" data-element_type=\"widget\" data-e-type=\"widget\" data-widget_type=\"text-editor.default\">\n\t\t\t\t<div class=\"elementor-widget-container\">\n\t\t\t\t\t\t\t\t\t<p>Seremos una organizaci\u00f3n l\u00edder en el conocimiento y manejo de la tem\u00e1tica de las familias m\u00e1s vulnerables; promoviendo e impulsando programas sociales y consolidando una conciencia social a favor de los necesitados.<\/p>\t\t\t\t\t\t\t\t<\/div>\n\t\t\t\t<\/div>\n\t\t\t\t<div class=\"elementor-element elementor-element-5886b79 elementor-widget elementor-widget-spacer\" data-id=\"5886b79\" data-element_type=\"widget\" data-e-type=\"widget\" data-widget_type=\"spacer.default\">\n\t\t\t\t<div class=\"elementor-widget-container\">\n\t\t\t\t\t\t\t<div class=\"elementor-spacer\">\n\t\t\t<div class=\"elementor-spacer-inner\"><\/div>\n\t\t<\/div>\n\t\t\t\t\t\t<\/div>\n\t\t\t\t<\/div>\n\t\t\t\t\t<\/div>\n\t\t<\/div>\n\t\t\t\t\t<\/div>\n\t\t<\/section>\n\t\t\t\t<section class=\"elementor-section elementor-top-section elementor-element elementor-element-3a60066 elementor-section-boxed elementor-section-height-default elementor-section-height-default\" data-id=\"3a60066\" data-element_type=\"section\" data-e-type=\"section\">\n\t\t\t\t\t\t<div class=\"elementor-container elementor-column-gap-default\">\n\t\t\t\t\t<div class=\"elementor-column elementor-col-100 elementor-top-column elementor-element elementor-element-7fbb58e\" data-id=\"7fbb58e\" data-element_type=\"column\" data-e-type=\"column\">\n\t\t\t<div class=\"elementor-widget-wrap elementor-element-populated\">\n\t\t\t\t\t\t<div class=\"elementor-element elementor-element-4c5aa54 elementor-widget elementor-widget-spacer\" data-id=\"4c5aa54\" data-element_type=\"widget\" data-e-type=\"widget\" data-widget_type=\"spacer.default\">\n\t\t\t\t<div class=\"elementor-widget-container\">\n\t\t\t\t\t\t\t<div class=\"elementor-spacer\">\n\t\t\t<div class=\"elementor-spacer-inner\"><\/div>\n\t\t<\/div>\n\t\t\t\t\t\t<\/div>\n\t\t\t\t<\/div>\n\t\t\t\t<div class=\"elementor-element elementor-element-fa8b068 elementor-invisible elementor-widget elementor-widget-image\" data-id=\"fa8b068\" data-element_type=\"widget\" data-e-type=\"widget\" data-settings=\"{&quot;_animation&quot;:&quot;zoomIn&quot;}\" data-widget_type=\"image.default\">\n\t\t\t\t<div class=\"elementor-widget-container\">\n\t\t\t\t\t\t\t\t\t\t\t\t\t\t\t<img decoding=\"async\" width=\"2382\" height=\"681\" src=\"https:\/\/senseoflife.us\/wp-content\/uploads\/2022\/08\/5-ImgHome.png\" class=\"attachment-full size-full wp-image-8602\" alt=\"\" srcset=\"https:\/\/senseoflife.us\/wp-content\/uploads\/2022\/08\/5-ImgHome.png 2382w, https:\/\/senseoflife.us\/wp-content\/uploads\/2022\/08\/5-ImgHome-300x86.png 300w, https:\/\/senseoflife.us\/wp-content\/uploads\/2022\/08\/5-ImgHome-1024x293.png 1024w, https:\/\/senseoflife.us\/wp-content\/uploads\/2022\/08\/5-ImgHome-768x220.png 768w, https:\/\/senseoflife.us\/wp-content\/uploads\/2022\/08\/5-ImgHome-1536x439.png 1536w, https:\/\/senseoflife.us\/wp-content\/uploads\/2022\/08\/5-ImgHome-2048x586.png 2048w, https:\/\/senseoflife.us\/wp-content\/uploads\/2022\/08\/5-ImgHome-18x5.png 18w, https:\/\/senseoflife.us\/wp-content\/uploads\/2022\/08\/5-ImgHome-1080x309.png 1080w\" sizes=\"(max-width: 2382px) 100vw, 2382px\" \/>\t\t\t\t\t\t\t\t\t\t\t\t\t\t\t<\/div>\n\t\t\t\t<\/div>\n\t\t\t\t\t<\/div>\n\t\t<\/div>\n\t\t\t\t\t<\/div>\n\t\t<\/section>\n\t\t\t\t<\/div>","protected":false},"excerpt":{"rendered":"<p>\u201cSense of Life strengthens the reason for living and sharing\u201d \u00a0 Sense of Life, Social Welfare, is an American foundation that executes plans, programs, projects through activities and donations for the protection, conservation and improvement of families in conditions of poverty or vulnerability in Ecuador. Through Corporaci\u00f3n Familia, a nonprofit organization\u00a0 legally approved on January [&hellip;]<\/p>\n","protected":false},"author":1,"featured_media":0,"parent":0,"menu_order":0,"comment_status":"closed","ping_status":"closed","template":"","meta":{"give_campaign_id":0,"footnotes":""},"class_list":["post-231","page","type-page","status-publish","hentry"],"campaignId":"","_links":{"self":[{"href":"https:\/\/senseoflife.us\/es\/wp-json\/wp\/v2\/pages\/231","targetHints":{"allow":["GET"]}}],"collection":[{"href":"https:\/\/senseoflife.us\/es\/wp-json\/wp\/v2\/pages"}],"about":[{"href":"https:\/\/senseoflife.us\/es\/wp-json\/wp\/v2\/types\/page"}],"author":[{"embeddable":true,"href":"https:\/\/senseoflife.us\/es\/wp-json\/wp\/v2\/users\/1"}],"replies":[{"embeddable":true,"href":"https:\/\/senseoflife.us\/es\/wp-json\/wp\/v2\/comments?post=231"}],"version-history":[{"count":151,"href":"https:\/\/senseoflife.us\/es\/wp-json\/wp\/v2\/pages\/231\/revisions"}],"predecessor-version":[{"id":9496,"href":"https:\/\/senseoflife.us\/es\/wp-json\/wp\/v2\/pages\/231\/revisions\/9496"}],"wp:attachment":[{"href":"https:\/\/senseoflife.us\/es\/wp-json\/wp\/v2\/media?parent=231"}],"curies":[{"name":"wp","href":"https:\/\/api.w.org\/{rel}","templated":true}]}}