{"id":8272,"date":"2022-08-03T17:26:47","date_gmt":"2022-08-03T17:26:47","guid":{"rendered":"http:\/\/senseoflife.us\/wordpress\/?page_id=8272"},"modified":"2022-12-07T19:27:38","modified_gmt":"2022-12-07T19:27:38","slug":"elderly-support","status":"publish","type":"page","link":"https:\/\/senseoflife.us\/es\/elderly-support\/","title":{"rendered":"Adultos Mayores"},"content":{"rendered":"<div data-elementor-type=\"wp-page\" data-elementor-id=\"8272\" class=\"elementor elementor-8272\">\n\t\t\t\t\t\t<section class=\"elementor-section elementor-top-section elementor-element elementor-element-ff70ffb elementor-section-boxed elementor-section-height-default elementor-section-height-default\" data-id=\"ff70ffb\" data-element_type=\"section\" data-e-type=\"section\">\n\t\t\t\t\t\t<div class=\"elementor-container elementor-column-gap-default\">\n\t\t\t\t\t<div class=\"elementor-column elementor-col-50 elementor-top-column elementor-element elementor-element-b0cea0c\" data-id=\"b0cea0c\" data-element_type=\"column\" data-e-type=\"column\">\n\t\t\t<div class=\"elementor-widget-wrap elementor-element-populated\">\n\t\t\t\t\t\t<div class=\"elementor-element elementor-element-fb7dd66 elementor-widget elementor-widget-text-editor\" data-id=\"fb7dd66\" data-element_type=\"widget\" data-e-type=\"widget\" data-widget_type=\"text-editor.default\">\n\t\t\t\t<div class=\"elementor-widget-container\">\n\t\t\t\t\t\t\t\t\t<p>El programa de asistencia consiste en apoyar econ\u00f3micamente a un grupo de adultos mayores con discapacidad visual, auditiva, motriz y fon\u00e9tica, que se encuentran en estado de abandono mediante  la entrega de alimentos, ropa y art\u00edculos de primera necesidad como sillas de ruedas y frazadas. La Corporaci\u00f3n Familia canaliza los recursos econ\u00f3micos obtenidos para ayudar a aliviar las diferentes necesidades de los abuelitos.<\/p><p>Todos los domingos se ofrecen comidas preparadas a un grupo de 45 a 70 adultos mayores en la Parroquia Atahualpa en la regi\u00f3n andina del Ecuador. A trav\u00e9s de los vecinos tambi\u00e9n se env\u00eda comida a las personas que por sus limitaciones f\u00edsicas o edad no han podido llegar al pueblo.<\/p><p>En muchas ocasiones se apoya con medicamentos a los adultos mayores debido a que en los centros de Salud p\u00fablicos no les proveen los medicamentos.<\/p>\t\t\t\t\t\t\t\t<\/div>\n\t\t\t\t<\/div>\n\t\t\t\t\t<\/div>\n\t\t<\/div>\n\t\t\t\t<div class=\"elementor-column elementor-col-50 elementor-top-column elementor-element elementor-element-985b363\" data-id=\"985b363\" data-element_type=\"column\" data-e-type=\"column\">\n\t\t\t<div class=\"elementor-widget-wrap elementor-element-populated\">\n\t\t\t\t\t\t<div class=\"elementor-element elementor-element-fd26bd3 elementor-invisible elementor-widget elementor-widget-image\" data-id=\"fd26bd3\" data-element_type=\"widget\" data-e-type=\"widget\" data-settings=\"{&quot;_animation&quot;:&quot;zoomIn&quot;}\" data-widget_type=\"image.default\">\n\t\t\t\t<div class=\"elementor-widget-container\">\n\t\t\t\t\t\t\t\t\t\t\t\t\t\t\t<img decoding=\"async\" src=\"https:\/\/senseoflife.us\/wp-content\/uploads\/elementor\/thumbs\/3About-qmrsw5q6l87pszx25dmwgnzh3hofowoxrde139ohi8.jpg\" title=\"3About\" alt=\"3About\" class=\"elementor-animation-grow\" loading=\"lazy\" \/>\t\t\t\t\t\t\t\t\t\t\t\t\t\t\t<\/div>\n\t\t\t\t<\/div>\n\t\t\t\t\t<\/div>\n\t\t<\/div>\n\t\t\t\t\t<\/div>\n\t\t<\/section>\n\t\t\t\t<section class=\"elementor-section elementor-top-section elementor-element elementor-element-92febcb elementor-section-boxed elementor-section-height-default elementor-section-height-default\" data-id=\"92febcb\" data-element_type=\"section\" data-e-type=\"section\">\n\t\t\t\t\t\t<div class=\"elementor-container elementor-column-gap-default\">\n\t\t\t\t\t<div class=\"elementor-column elementor-col-100 elementor-top-column elementor-element elementor-element-53eb403\" data-id=\"53eb403\" data-element_type=\"column\" data-e-type=\"column\">\n\t\t\t<div class=\"elementor-widget-wrap elementor-element-populated\">\n\t\t\t\t\t\t<div class=\"elementor-element elementor-element-d1a5c53 elementor-widget elementor-widget-spacer\" data-id=\"d1a5c53\" data-element_type=\"widget\" data-e-type=\"widget\" data-widget_type=\"spacer.default\">\n\t\t\t\t<div class=\"elementor-widget-container\">\n\t\t\t\t\t\t\t<div class=\"elementor-spacer\">\n\t\t\t<div class=\"elementor-spacer-inner\"><\/div>\n\t\t<\/div>\n\t\t\t\t\t\t<\/div>\n\t\t\t\t<\/div>\n\t\t\t\t\t<\/div>\n\t\t<\/div>\n\t\t\t\t\t<\/div>\n\t\t<\/section>\n\t\t\t\t<section class=\"elementor-section elementor-top-section elementor-element elementor-element-9971097 elementor-section-boxed elementor-section-height-default elementor-section-height-default\" data-id=\"9971097\" data-element_type=\"section\" data-e-type=\"section\">\n\t\t\t\t\t\t<div class=\"elementor-container elementor-column-gap-default\">\n\t\t\t\t\t<div class=\"elementor-column elementor-col-100 elementor-top-column elementor-element elementor-element-08e0eb8\" data-id=\"08e0eb8\" data-element_type=\"column\" data-e-type=\"column\">\n\t\t\t<div class=\"elementor-widget-wrap elementor-element-populated\">\n\t\t\t\t\t\t<div class=\"elementor-element elementor-element-45ac1af elementor-invisible elementor-widget elementor-widget-image\" data-id=\"45ac1af\" data-element_type=\"widget\" data-e-type=\"widget\" data-settings=\"{&quot;_animation&quot;:&quot;zoomIn&quot;}\" data-widget_type=\"image.default\">\n\t\t\t\t<div class=\"elementor-widget-container\">\n\t\t\t\t\t\t\t\t\t\t\t\t\t\t\t<img fetchpriority=\"high\" decoding=\"async\" width=\"2382\" height=\"681\" src=\"https:\/\/senseoflife.us\/wp-content\/uploads\/2022\/08\/2-1-el.png\" class=\"attachment-full size-full wp-image-8683\" alt=\"\" srcset=\"https:\/\/senseoflife.us\/wp-content\/uploads\/2022\/08\/2-1-el.png 2382w, https:\/\/senseoflife.us\/wp-content\/uploads\/2022\/08\/2-1-el-300x86.png 300w, https:\/\/senseoflife.us\/wp-content\/uploads\/2022\/08\/2-1-el-1024x293.png 1024w, https:\/\/senseoflife.us\/wp-content\/uploads\/2022\/08\/2-1-el-768x220.png 768w, https:\/\/senseoflife.us\/wp-content\/uploads\/2022\/08\/2-1-el-1536x439.png 1536w, https:\/\/senseoflife.us\/wp-content\/uploads\/2022\/08\/2-1-el-2048x586.png 2048w, https:\/\/senseoflife.us\/wp-content\/uploads\/2022\/08\/2-1-el-18x5.png 18w, https:\/\/senseoflife.us\/wp-content\/uploads\/2022\/08\/2-1-el-1080x309.png 1080w\" sizes=\"(max-width: 2382px) 100vw, 2382px\" \/>\t\t\t\t\t\t\t\t\t\t\t\t\t\t\t<\/div>\n\t\t\t\t<\/div>\n\t\t\t\t\t<\/div>\n\t\t<\/div>\n\t\t\t\t\t<\/div>\n\t\t<\/section>\n\t\t\t\t<\/div>","protected":false},"excerpt":{"rendered":"<p>\u201cThe most valuable thing in life is not what we have, but who we have\u201d. The assistance program consists of financially supporting a group of elderly with visual, hearing, motor and\/or phonetic disabilities, who are in a state of abandonment, through the delivery of food, clothing and basic necessities such as wheelchairs and blankets. The [&hellip;]<\/p>\n","protected":false},"author":1,"featured_media":0,"parent":0,"menu_order":0,"comment_status":"closed","ping_status":"closed","template":"","meta":{"give_campaign_id":0,"footnotes":""},"class_list":["post-8272","page","type-page","status-publish","hentry"],"campaignId":"","_links":{"self":[{"href":"https:\/\/senseoflife.us\/es\/wp-json\/wp\/v2\/pages\/8272","targetHints":{"allow":["GET"]}}],"collection":[{"href":"https:\/\/senseoflife.us\/es\/wp-json\/wp\/v2\/pages"}],"about":[{"href":"https:\/\/senseoflife.us\/es\/wp-json\/wp\/v2\/types\/page"}],"author":[{"embeddable":true,"href":"https:\/\/senseoflife.us\/es\/wp-json\/wp\/v2\/users\/1"}],"replies":[{"embeddable":true,"href":"https:\/\/senseoflife.us\/es\/wp-json\/wp\/v2\/comments?post=8272"}],"version-history":[{"count":36,"href":"https:\/\/senseoflife.us\/es\/wp-json\/wp\/v2\/pages\/8272\/revisions"}],"predecessor-version":[{"id":8844,"href":"https:\/\/senseoflife.us\/es\/wp-json\/wp\/v2\/pages\/8272\/revisions\/8844"}],"wp:attachment":[{"href":"https:\/\/senseoflife.us\/es\/wp-json\/wp\/v2\/media?parent=8272"}],"curies":[{"name":"wp","href":"https:\/\/api.w.org\/{rel}","templated":true}]}}