{"id":8300,"date":"2022-08-03T17:50:22","date_gmt":"2022-08-03T17:50:22","guid":{"rendered":"http:\/\/senseoflife.us\/wordpress\/?page_id=8300"},"modified":"2023-08-25T20:48:11","modified_gmt":"2023-08-25T20:48:11","slug":"social-housing","status":"publish","type":"page","link":"https:\/\/senseoflife.us\/es\/social-housing\/","title":{"rendered":"Vivienda Social"},"content":{"rendered":"<div data-elementor-type=\"wp-page\" data-elementor-id=\"8300\" class=\"elementor elementor-8300\">\n\t\t\t\t\t\t<section class=\"elementor-section elementor-top-section elementor-element elementor-element-c8d303b elementor-section-full_width elementor-section-height-default elementor-section-height-default\" data-id=\"c8d303b\" data-element_type=\"section\" data-e-type=\"section\">\n\t\t\t\t\t\t<div class=\"elementor-container elementor-column-gap-default\">\n\t\t\t\t\t<div class=\"elementor-column elementor-col-50 elementor-top-column elementor-element elementor-element-f06659f\" data-id=\"f06659f\" data-element_type=\"column\" data-e-type=\"column\">\n\t\t\t<div class=\"elementor-widget-wrap elementor-element-populated\">\n\t\t\t\t\t\t<div class=\"elementor-element elementor-element-0bda87c elementor-widget elementor-widget-text-editor\" data-id=\"0bda87c\" data-element_type=\"widget\" data-e-type=\"widget\" data-widget_type=\"text-editor.default\">\n\t\t\t\t<div class=\"elementor-widget-container\">\n\t\t\t\t\t\t\t\t\t<p>Una casa significa mucho m\u00e1s que una protecci\u00f3n contra la intemperie y los elementos naturales externos. Es fundamental para el desarrollo de las capacidades individuales y los lazos familiares. Puede ser una fuente de seguridad y estabilidad, especialmente para la poblaci\u00f3n urbana que vive en la pobreza. Tambi\u00e9n es a menudo un lugar de trabajo. En este sentido, aunque por s\u00ed sola no es suficiente para garantizar condiciones de vida digna, la vivienda suele ser una aspiraci\u00f3n generalizada y muy valorada.<\/p><p>Hay adultos mayores cuyas \u201ccasas\u201d est\u00e1n muy deplorables, se han ca\u00eddo o corren riesgo de caer. En estos casos, <strong>Sense of Life<\/strong>, a trav\u00e9s de la Fundaci\u00f3n Corporaci\u00f3n Familia, reconstruye las viviendas o las hace nuevas en un espacio digno y saludable. Tener una vivienda digna y de buena calidad influye positivamente en el desarrollo de otras capacidades relacionadas con la salud, la alimentaci\u00f3n y la educaci\u00f3n.\u00a0<\/p>\t\t\t\t\t\t\t\t<\/div>\n\t\t\t\t<\/div>\n\t\t\t\t\t<\/div>\n\t\t<\/div>\n\t\t\t\t<div class=\"elementor-column elementor-col-50 elementor-top-column elementor-element elementor-element-0b42063\" data-id=\"0b42063\" data-element_type=\"column\" data-e-type=\"column\">\n\t\t\t<div class=\"elementor-widget-wrap elementor-element-populated\">\n\t\t\t\t\t\t<div class=\"elementor-element elementor-element-ae184d5 elementor-invisible elementor-widget elementor-widget-image\" data-id=\"ae184d5\" data-element_type=\"widget\" data-e-type=\"widget\" data-settings=\"{&quot;_animation&quot;:&quot;zoomIn&quot;}\" data-widget_type=\"image.default\">\n\t\t\t\t<div class=\"elementor-widget-container\">\n\t\t\t\t\t\t\t\t\t\t\t\t\t\t\t<img fetchpriority=\"high\" decoding=\"async\" width=\"540\" height=\"540\" src=\"https:\/\/senseoflife.us\/wp-content\/uploads\/2022\/08\/8Programa.jpg\" class=\"elementor-animation-grow attachment-full size-full wp-image-8319\" alt=\"\" srcset=\"https:\/\/senseoflife.us\/wp-content\/uploads\/2022\/08\/8Programa.jpg 540w, https:\/\/senseoflife.us\/wp-content\/uploads\/2022\/08\/8Programa-300x300.jpg 300w, https:\/\/senseoflife.us\/wp-content\/uploads\/2022\/08\/8Programa-150x150.jpg 150w, https:\/\/senseoflife.us\/wp-content\/uploads\/2022\/08\/8Programa-12x12.jpg 12w, https:\/\/senseoflife.us\/wp-content\/uploads\/2022\/08\/8Programa-240x240.jpg 240w\" sizes=\"(max-width: 540px) 100vw, 540px\" \/>\t\t\t\t\t\t\t\t\t\t\t\t\t\t\t<\/div>\n\t\t\t\t<\/div>\n\t\t\t\t\t<\/div>\n\t\t<\/div>\n\t\t\t\t\t<\/div>\n\t\t<\/section>\n\t\t\t\t<section class=\"elementor-section elementor-top-section elementor-element elementor-element-e30ba6a elementor-section-boxed elementor-section-height-default elementor-section-height-default\" data-id=\"e30ba6a\" data-element_type=\"section\" data-e-type=\"section\">\n\t\t\t\t\t\t<div class=\"elementor-container elementor-column-gap-default\">\n\t\t\t\t\t<div class=\"elementor-column elementor-col-50 elementor-top-column elementor-element elementor-element-9897b11\" data-id=\"9897b11\" data-element_type=\"column\" data-e-type=\"column\">\n\t\t\t<div class=\"elementor-widget-wrap elementor-element-populated\">\n\t\t\t\t\t\t<div class=\"elementor-element elementor-element-ebb6f32 elementor-widget elementor-widget-spacer\" data-id=\"ebb6f32\" data-element_type=\"widget\" data-e-type=\"widget\" data-widget_type=\"spacer.default\">\n\t\t\t\t<div class=\"elementor-widget-container\">\n\t\t\t\t\t\t\t<div class=\"elementor-spacer\">\n\t\t\t<div class=\"elementor-spacer-inner\"><\/div>\n\t\t<\/div>\n\t\t\t\t\t\t<\/div>\n\t\t\t\t<\/div>\n\t\t\t\t\t<\/div>\n\t\t<\/div>\n\t\t\t\t<div class=\"elementor-column elementor-col-50 elementor-top-column elementor-element elementor-element-e67d6f6\" data-id=\"e67d6f6\" data-element_type=\"column\" data-e-type=\"column\">\n\t\t\t<div class=\"elementor-widget-wrap elementor-element-populated\">\n\t\t\t\t\t\t<div class=\"elementor-element elementor-element-d6d8131 elementor-widget elementor-widget-spacer\" data-id=\"d6d8131\" data-element_type=\"widget\" data-e-type=\"widget\" data-widget_type=\"spacer.default\">\n\t\t\t\t<div class=\"elementor-widget-container\">\n\t\t\t\t\t\t\t<div class=\"elementor-spacer\">\n\t\t\t<div class=\"elementor-spacer-inner\"><\/div>\n\t\t<\/div>\n\t\t\t\t\t\t<\/div>\n\t\t\t\t<\/div>\n\t\t\t\t\t<\/div>\n\t\t<\/div>\n\t\t\t\t\t<\/div>\n\t\t<\/section>\n\t\t\t\t<section class=\"elementor-section elementor-top-section elementor-element elementor-element-e1471c4 elementor-section-boxed elementor-section-height-default elementor-section-height-default\" data-id=\"e1471c4\" data-element_type=\"section\" data-e-type=\"section\">\n\t\t\t\t\t\t<div class=\"elementor-container elementor-column-gap-default\">\n\t\t\t\t\t<div class=\"elementor-column elementor-col-100 elementor-top-column elementor-element elementor-element-27d94a1\" data-id=\"27d94a1\" data-element_type=\"column\" data-e-type=\"column\">\n\t\t\t<div class=\"elementor-widget-wrap elementor-element-populated\">\n\t\t\t\t\t\t<div class=\"elementor-element elementor-element-21dd645 elementor-widget elementor-widget-spacer\" data-id=\"21dd645\" data-element_type=\"widget\" data-e-type=\"widget\" data-widget_type=\"spacer.default\">\n\t\t\t\t<div class=\"elementor-widget-container\">\n\t\t\t\t\t\t\t<div class=\"elementor-spacer\">\n\t\t\t<div class=\"elementor-spacer-inner\"><\/div>\n\t\t<\/div>\n\t\t\t\t\t\t<\/div>\n\t\t\t\t<\/div>\n\t\t\t\t\t<\/div>\n\t\t<\/div>\n\t\t\t\t\t<\/div>\n\t\t<\/section>\n\t\t\t\t<section class=\"elementor-section elementor-top-section elementor-element elementor-element-b6e3f40 elementor-section-boxed elementor-section-height-default elementor-section-height-default\" data-id=\"b6e3f40\" data-element_type=\"section\" data-e-type=\"section\">\n\t\t\t\t\t\t<div class=\"elementor-container elementor-column-gap-extended\">\n\t\t\t\t\t<div class=\"elementor-column elementor-col-50 elementor-top-column elementor-element elementor-element-89c09d7\" data-id=\"89c09d7\" data-element_type=\"column\" data-e-type=\"column\">\n\t\t\t<div class=\"elementor-widget-wrap elementor-element-populated\">\n\t\t\t\t\t\t<div class=\"elementor-element elementor-element-affc21e elementor-widget elementor-widget-text-editor\" data-id=\"affc21e\" data-element_type=\"widget\" data-e-type=\"widget\" data-widget_type=\"text-editor.default\">\n\t\t\t\t<div class=\"elementor-widget-container\">\n\t\t\t\t\t\t\t\t\t<ul><li>2 Dormitorios<\/li><li>1 Ba\u00f1o<\/li><\/ul>\t\t\t\t\t\t\t\t<\/div>\n\t\t\t\t<\/div>\n\t\t\t\t<div class=\"elementor-element elementor-element-4d2ceae elementor-widget elementor-widget-spacer\" data-id=\"4d2ceae\" data-element_type=\"widget\" data-e-type=\"widget\" data-widget_type=\"spacer.default\">\n\t\t\t\t<div class=\"elementor-widget-container\">\n\t\t\t\t\t\t\t<div class=\"elementor-spacer\">\n\t\t\t<div class=\"elementor-spacer-inner\"><\/div>\n\t\t<\/div>\n\t\t\t\t\t\t<\/div>\n\t\t\t\t<\/div>\n\t\t\t\t\t<\/div>\n\t\t<\/div>\n\t\t\t\t<div class=\"elementor-column elementor-col-50 elementor-top-column elementor-element elementor-element-8af07f6\" data-id=\"8af07f6\" data-element_type=\"column\" data-e-type=\"column\">\n\t\t\t<div class=\"elementor-widget-wrap elementor-element-populated\">\n\t\t\t\t\t\t<div class=\"elementor-element elementor-element-6e5412f elementor-widget elementor-widget-text-editor\" data-id=\"6e5412f\" data-element_type=\"widget\" data-e-type=\"widget\" data-widget_type=\"text-editor.default\">\n\t\t\t\t<div class=\"elementor-widget-container\">\n\t\t\t\t\t\t\t\t\t<ul><li>2 Dormitorios<\/li><li>1 Ba\u00f1o<\/li><\/ul>\t\t\t\t\t\t\t\t<\/div>\n\t\t\t\t<\/div>\n\t\t\t\t<div class=\"elementor-element elementor-element-bfd7226 elementor-widget elementor-widget-spacer\" data-id=\"bfd7226\" data-element_type=\"widget\" data-e-type=\"widget\" data-widget_type=\"spacer.default\">\n\t\t\t\t<div class=\"elementor-widget-container\">\n\t\t\t\t\t\t\t<div class=\"elementor-spacer\">\n\t\t\t<div class=\"elementor-spacer-inner\"><\/div>\n\t\t<\/div>\n\t\t\t\t\t\t<\/div>\n\t\t\t\t<\/div>\n\t\t\t\t\t<\/div>\n\t\t<\/div>\n\t\t\t\t\t<\/div>\n\t\t<\/section>\n\t\t\t\t<\/div>","protected":false},"excerpt":{"rendered":"<p>A house means much more than a protection against weather and natural external elements. It is essential for the development of individual capabilities and family ties. It can be a source of security and stability, especially for the urban population living in poverty. It is also often a place of work. In this regard, although [&hellip;]<\/p>\n","protected":false},"author":1,"featured_media":0,"parent":0,"menu_order":0,"comment_status":"closed","ping_status":"closed","template":"","meta":{"give_campaign_id":0,"footnotes":""},"class_list":["post-8300","page","type-page","status-publish","hentry"],"campaignId":"","_links":{"self":[{"href":"https:\/\/senseoflife.us\/es\/wp-json\/wp\/v2\/pages\/8300","targetHints":{"allow":["GET"]}}],"collection":[{"href":"https:\/\/senseoflife.us\/es\/wp-json\/wp\/v2\/pages"}],"about":[{"href":"https:\/\/senseoflife.us\/es\/wp-json\/wp\/v2\/types\/page"}],"author":[{"embeddable":true,"href":"https:\/\/senseoflife.us\/es\/wp-json\/wp\/v2\/users\/1"}],"replies":[{"embeddable":true,"href":"https:\/\/senseoflife.us\/es\/wp-json\/wp\/v2\/comments?post=8300"}],"version-history":[{"count":62,"href":"https:\/\/senseoflife.us\/es\/wp-json\/wp\/v2\/pages\/8300\/revisions"}],"predecessor-version":[{"id":9451,"href":"https:\/\/senseoflife.us\/es\/wp-json\/wp\/v2\/pages\/8300\/revisions\/9451"}],"wp:attachment":[{"href":"https:\/\/senseoflife.us\/es\/wp-json\/wp\/v2\/media?parent=8300"}],"curies":[{"name":"wp","href":"https:\/\/api.w.org\/{rel}","templated":true}]}}