{"id":8701,"date":"2022-08-11T16:24:34","date_gmt":"2022-08-11T16:24:34","guid":{"rendered":"http:\/\/senseoflife.us\/wordpress\/?page_id=8701"},"modified":"2023-06-13T15:59:39","modified_gmt":"2023-06-13T15:59:39","slug":"gallery","status":"publish","type":"page","link":"https:\/\/senseoflife.us\/es\/gallery\/","title":{"rendered":"Galer\u00eda"},"content":{"rendered":"<div data-elementor-type=\"wp-page\" data-elementor-id=\"8701\" class=\"elementor elementor-8701\">\n\t\t\t\t\t\t<section class=\"elementor-section elementor-top-section elementor-element elementor-element-77293c1 elementor-section-boxed elementor-section-height-default elementor-section-height-default\" data-id=\"77293c1\" data-element_type=\"section\" data-e-type=\"section\">\n\t\t\t\t\t\t<div class=\"elementor-container elementor-column-gap-default\">\n\t\t\t\t\t<div class=\"elementor-column elementor-col-100 elementor-top-column elementor-element elementor-element-496a22f\" data-id=\"496a22f\" data-element_type=\"column\" data-e-type=\"column\">\n\t\t\t<div class=\"elementor-widget-wrap elementor-element-populated\">\n\t\t\t\t\t\t<div class=\"elementor-element elementor-element-2a91e02 elementor-widget elementor-widget-heading\" data-id=\"2a91e02\" data-element_type=\"widget\" data-e-type=\"widget\" data-widget_type=\"heading.default\">\n\t\t\t\t<div class=\"elementor-widget-container\">\n\t\t\t\t\t<h4 class=\"elementor-heading-title elementor-size-default\">Noticias Fotogr\u00e1ficas<\/h4>\t\t\t\t<\/div>\n\t\t\t\t<\/div>\n\t\t\t\t<div class=\"elementor-element elementor-element-9266388 elementor-widget-divider--view-line elementor-widget elementor-widget-divider\" data-id=\"9266388\" data-element_type=\"widget\" data-e-type=\"widget\" data-widget_type=\"divider.default\">\n\t\t\t\t<div class=\"elementor-widget-container\">\n\t\t\t\t\t\t\t<div class=\"elementor-divider\">\n\t\t\t<span class=\"elementor-divider-separator\">\n\t\t\t\t\t\t<\/span>\n\t\t<\/div>\n\t\t\t\t\t\t<\/div>\n\t\t\t\t<\/div>\n\t\t\t\t\t<\/div>\n\t\t<\/div>\n\t\t\t\t\t<\/div>\n\t\t<\/section>\n\t\t\t\t<section class=\"elementor-section elementor-top-section elementor-element elementor-element-76259b0 elementor-section-boxed elementor-section-height-default elementor-section-height-default\" data-id=\"76259b0\" data-element_type=\"section\" data-e-type=\"section\">\n\t\t\t\t\t\t<div class=\"elementor-container elementor-column-gap-default\">\n\t\t\t\t\t<div class=\"elementor-column elementor-col-100 elementor-top-column elementor-element elementor-element-a219851\" data-id=\"a219851\" data-element_type=\"column\" data-e-type=\"column\">\n\t\t\t<div class=\"elementor-widget-wrap elementor-element-populated\">\n\t\t\t\t\t\t<div class=\"elementor-element elementor-element-297d31e elementor-widget elementor-widget-video\" data-id=\"297d31e\" data-element_type=\"widget\" data-e-type=\"widget\" data-settings=\"{&quot;youtube_url&quot;:&quot;https:\\\/\\\/youtu.be\\\/VI_9VMEiXHA&quot;,&quot;video_type&quot;:&quot;youtube&quot;,&quot;controls&quot;:&quot;yes&quot;}\" data-widget_type=\"video.default\">\n\t\t\t\t<div class=\"elementor-widget-container\">\n\t\t\t\t\t\t\t<div class=\"elementor-wrapper elementor-open-inline\">\n\t\t\t<div class=\"elementor-video\"><\/div>\t\t<\/div>\n\t\t\t\t\t\t<\/div>\n\t\t\t\t<\/div>\n\t\t\t\t\t<\/div>\n\t\t<\/div>\n\t\t\t\t\t<\/div>\n\t\t<\/section>\n\t\t\t\t<section class=\"elementor-section elementor-top-section elementor-element elementor-element-4edf154 elementor-section-boxed elementor-section-height-default elementor-section-height-default\" data-id=\"4edf154\" data-element_type=\"section\" data-e-type=\"section\">\n\t\t\t\t\t\t<div class=\"elementor-container elementor-column-gap-default\">\n\t\t\t\t\t<div class=\"elementor-column elementor-col-100 elementor-top-column elementor-element elementor-element-479f04b\" data-id=\"479f04b\" data-element_type=\"column\" data-e-type=\"column\">\n\t\t\t<div class=\"elementor-widget-wrap elementor-element-populated\">\n\t\t\t\t\t\t<div class=\"elementor-element elementor-element-21a3995 elementor-widget elementor-widget-text-editor\" data-id=\"21a3995\" data-element_type=\"widget\" data-e-type=\"widget\" data-widget_type=\"text-editor.default\">\n\t\t\t\t<div class=\"elementor-widget-container\">\n\t\t\t\t\t\t\t\t\t<p><span style=\"color: #0d0d0d; font-family: Roboto, Noto, sans-serif; font-size: 15px; font-style: normal; font-weight: 400; white-space: pre-wrap; background-color: #ffffff;\">El Ensayo Din\u00e1mico del Centro de Investigaci\u00f3n de la Vivienda de la Escuela Polit\u00e9cnica Nacional del Ecuador, mide la resistencia s\u00edsmica de la casa.<br \/>La casa de Corporaci\u00f3n Familia resiste una aceleraci\u00f3n de 1.1g que equivale al terremoto de Pedernales. <\/span><\/p><p><span style=\"background-color: #ffffff;\"><span style=\"color: #0d0d0d; font-family: Roboto, Noto, sans-serif;\"><span style=\"font-size: 15px; white-space: pre-wrap;\">The Dynamic Test of the Housing Research Center of the National Polytechnic School of Ecuador, measures the seismic resistance of the house. <\/span><\/span><\/span><span style=\"font-size: 15px; white-space: pre-wrap; color: #0d0d0d; background-color: #ffffff;\">The Corporaci\u00f3n Familia house resists an acceleration of 1.1g, which is equivalent to the Pedernales earthquake.<\/span><\/p><p>\u00a0<\/p>\t\t\t\t\t\t\t\t<\/div>\n\t\t\t\t<\/div>\n\t\t\t\t\t<\/div>\n\t\t<\/div>\n\t\t\t\t\t<\/div>\n\t\t<\/section>\n\t\t\t\t<section class=\"elementor-section elementor-top-section elementor-element elementor-element-d9a8fd6 elementor-section-boxed elementor-section-height-default elementor-section-height-default\" data-id=\"d9a8fd6\" data-element_type=\"section\" data-e-type=\"section\">\n\t\t\t\t\t\t<div class=\"elementor-container elementor-column-gap-default\">\n\t\t\t\t\t<div class=\"elementor-column elementor-col-100 elementor-top-column elementor-element elementor-element-113d053\" data-id=\"113d053\" data-element_type=\"column\" data-e-type=\"column\">\n\t\t\t<div class=\"elementor-widget-wrap elementor-element-populated\">\n\t\t\t\t\t\t<div class=\"elementor-element elementor-element-dfccb6f elementor-widget elementor-widget-video\" data-id=\"dfccb6f\" data-element_type=\"widget\" data-e-type=\"widget\" data-settings=\"{&quot;youtube_url&quot;:&quot;https:\\\/\\\/youtu.be\\\/zxpri5rUP7s&quot;,&quot;video_type&quot;:&quot;youtube&quot;,&quot;controls&quot;:&quot;yes&quot;}\" data-widget_type=\"video.default\">\n\t\t\t\t<div class=\"elementor-widget-container\">\n\t\t\t\t\t\t\t<div class=\"elementor-wrapper elementor-open-inline\">\n\t\t\t<div class=\"elementor-video\"><\/div>\t\t<\/div>\n\t\t\t\t\t\t<\/div>\n\t\t\t\t<\/div>\n\t\t\t\t\t<\/div>\n\t\t<\/div>\n\t\t\t\t\t<\/div>\n\t\t<\/section>\n\t\t\t\t<section class=\"elementor-section elementor-top-section elementor-element elementor-element-9c73221 elementor-section-boxed elementor-section-height-default elementor-section-height-default\" data-id=\"9c73221\" data-element_type=\"section\" data-e-type=\"section\">\n\t\t\t\t\t\t<div class=\"elementor-container elementor-column-gap-default\">\n\t\t\t\t\t<div class=\"elementor-column elementor-col-100 elementor-top-column elementor-element elementor-element-dcdbbdf\" data-id=\"dcdbbdf\" data-element_type=\"column\" data-e-type=\"column\">\n\t\t\t<div class=\"elementor-widget-wrap elementor-element-populated\">\n\t\t\t\t\t\t<div class=\"elementor-element elementor-element-9d61548 elementor-widget elementor-widget-text-editor\" data-id=\"9d61548\" data-element_type=\"widget\" data-e-type=\"widget\" data-widget_type=\"text-editor.default\">\n\t\t\t\t<div class=\"elementor-widget-container\">\n\t\t\t\t\t\t\t\t\t<p>\u00a0<\/p><p>La prueba de la resistencia de la casa con relaci\u00f3n al peso y la gravedad, permite comprobar su resistencia s\u00edsmica. <br \/>La casa de Corporaci\u00f3n Familia fue elevada 25 grados (4 mt) desde el suelo. Una casa de cemento y bloque se hubiera derrumbado a estos niveles de elevaci\u00f3n.<\/p><p>The test of the resistance of the house in relation to weight and gravity, allows to verify its seismic resistance.<br \/>The Corporaci\u00f3n Familia house was elevated 25 degrees (4 mt) from the ground. A concrete and block house would have collapsed at these elevation levels.<\/p>\t\t\t\t\t\t\t\t<\/div>\n\t\t\t\t<\/div>\n\t\t\t\t\t<\/div>\n\t\t<\/div>\n\t\t\t\t\t<\/div>\n\t\t<\/section>\n\t\t\t\t<section class=\"elementor-section elementor-top-section elementor-element elementor-element-3ebfb79 elementor-section-boxed elementor-section-height-default elementor-section-height-default\" data-id=\"3ebfb79\" data-element_type=\"section\" data-e-type=\"section\">\n\t\t\t\t\t\t<div class=\"elementor-container elementor-column-gap-default\">\n\t\t\t\t\t<div class=\"elementor-column elementor-col-100 elementor-top-column elementor-element elementor-element-b680fae\" data-id=\"b680fae\" data-element_type=\"column\" data-e-type=\"column\">\n\t\t\t<div class=\"elementor-widget-wrap\">\n\t\t\t\t\t\t\t<\/div>\n\t\t<\/div>\n\t\t\t\t\t<\/div>\n\t\t<\/section>\n\t\t\t\t<section class=\"elementor-section elementor-top-section elementor-element elementor-element-c3745d0 elementor-section-boxed elementor-section-height-default elementor-section-height-default\" data-id=\"c3745d0\" data-element_type=\"section\" data-e-type=\"section\">\n\t\t\t\t\t\t<div class=\"elementor-container elementor-column-gap-default\">\n\t\t\t\t\t<div class=\"elementor-column elementor-col-100 elementor-top-column elementor-element elementor-element-3b86b4c\" data-id=\"3b86b4c\" data-element_type=\"column\" data-e-type=\"column\">\n\t\t\t<div class=\"elementor-widget-wrap elementor-element-populated\">\n\t\t\t\t\t\t<div class=\"elementor-element elementor-element-46f943c elementor-widget elementor-widget-video\" data-id=\"46f943c\" data-element_type=\"widget\" data-e-type=\"widget\" data-settings=\"{&quot;youtube_url&quot;:&quot;https:\\\/\\\/youtu.be\\\/EAdKzb41F0k&quot;,&quot;video_type&quot;:&quot;youtube&quot;,&quot;controls&quot;:&quot;yes&quot;}\" data-widget_type=\"video.default\">\n\t\t\t\t<div class=\"elementor-widget-container\">\n\t\t\t\t\t\t\t<div class=\"elementor-wrapper elementor-open-inline\">\n\t\t\t<div class=\"elementor-video\"><\/div>\t\t<\/div>\n\t\t\t\t\t\t<\/div>\n\t\t\t\t<\/div>\n\t\t\t\t\t<\/div>\n\t\t<\/div>\n\t\t\t\t\t<\/div>\n\t\t<\/section>\n\t\t\t\t<section class=\"elementor-section elementor-top-section elementor-element elementor-element-ea17260 elementor-section-boxed elementor-section-height-default elementor-section-height-default\" data-id=\"ea17260\" data-element_type=\"section\" data-e-type=\"section\">\n\t\t\t\t\t\t<div class=\"elementor-container elementor-column-gap-default\">\n\t\t\t\t\t<div class=\"elementor-column elementor-col-100 elementor-top-column elementor-element elementor-element-6c0bd55\" data-id=\"6c0bd55\" data-element_type=\"column\" data-e-type=\"column\">\n\t\t\t<div class=\"elementor-widget-wrap\">\n\t\t\t\t\t\t\t<\/div>\n\t\t<\/div>\n\t\t\t\t\t<\/div>\n\t\t<\/section>\n\t\t\t\t<section class=\"elementor-section elementor-top-section elementor-element elementor-element-f58b586 elementor-section-boxed elementor-section-height-default elementor-section-height-default\" data-id=\"f58b586\" data-element_type=\"section\" data-e-type=\"section\">\n\t\t\t\t\t\t<div class=\"elementor-container elementor-column-gap-default\">\n\t\t\t\t\t<div class=\"elementor-column elementor-col-33 elementor-top-column elementor-element elementor-element-5344254\" data-id=\"5344254\" data-element_type=\"column\" data-e-type=\"column\">\n\t\t\t<div class=\"elementor-widget-wrap elementor-element-populated\">\n\t\t\t\t\t\t<div class=\"elementor-element elementor-element-c184acc elementor-widget elementor-widget-text-editor\" data-id=\"c184acc\" data-element_type=\"widget\" data-e-type=\"widget\" data-widget_type=\"text-editor.default\">\n\t\t\t\t<div class=\"elementor-widget-container\">\n\t\t\t\t\t\t\t\t\t<p>\u00a0<\/p><p>The Corporaci\u00f3n Familia house has been the only one to date that has satisfactorily passed the construction tests with SIP panels system.<\/p><p>La casa de Corporaci\u00f3n Familia ha sido la \u00fanica hasta el momento que ha pasado satisfactoriamente las pruebas de construcci\u00f3n con el sistema de paneles SIP<\/p>\t\t\t\t\t\t\t\t<\/div>\n\t\t\t\t<\/div>\n\t\t\t\t\t<\/div>\n\t\t<\/div>\n\t\t\t\t<div class=\"elementor-column elementor-col-66 elementor-top-column elementor-element elementor-element-21853d6\" data-id=\"21853d6\" data-element_type=\"column\" data-e-type=\"column\">\n\t\t\t<div class=\"elementor-widget-wrap elementor-element-populated\">\n\t\t\t\t\t\t<div class=\"elementor-element elementor-element-8391273 elementor-widget elementor-widget-image\" data-id=\"8391273\" data-element_type=\"widget\" data-e-type=\"widget\" data-widget_type=\"image.default\">\n\t\t\t\t<div class=\"elementor-widget-container\">\n\t\t\t\t\t\t\t\t\t\t\t\t\t\t\t<img fetchpriority=\"high\" decoding=\"async\" width=\"1024\" height=\"724\" src=\"https:\/\/senseoflife.us\/wp-content\/uploads\/2023\/06\/certificado-politecnica-naciona-1024x724.jpg\" class=\"attachment-large size-large wp-image-9428\" alt=\"\" srcset=\"https:\/\/senseoflife.us\/wp-content\/uploads\/2023\/06\/certificado-politecnica-naciona-1024x724.jpg 1024w, https:\/\/senseoflife.us\/wp-content\/uploads\/2023\/06\/certificado-politecnica-naciona-300x212.jpg 300w, https:\/\/senseoflife.us\/wp-content\/uploads\/2023\/06\/certificado-politecnica-naciona-768x543.jpg 768w, https:\/\/senseoflife.us\/wp-content\/uploads\/2023\/06\/certificado-politecnica-naciona-18x12.jpg 18w, https:\/\/senseoflife.us\/wp-content\/uploads\/2023\/06\/certificado-politecnica-naciona.jpg 1280w\" sizes=\"(max-width: 1024px) 100vw, 1024px\" \/>\t\t\t\t\t\t\t\t\t\t\t\t\t\t\t<\/div>\n\t\t\t\t<\/div>\n\t\t\t\t\t<\/div>\n\t\t<\/div>\n\t\t\t\t\t<\/div>\n\t\t<\/section>\n\t\t\t\t<\/div>","protected":false},"excerpt":{"rendered":"<p>Photographic news https:\/\/youtu.be\/VI_9VMEiXHA El Ensayo Din\u00e1mico del Centro de Investigaci\u00f3n de la Vivienda de la Escuela Polit\u00e9cnica Nacional del Ecuador, mide la resistencia s\u00edsmica de la casa.La casa de Corporaci\u00f3n Familia resiste una aceleraci\u00f3n de 1.1g que equivale al terremoto de Pedernales. The Dynamic Test of the Housing Research Center of the National Polytechnic School [&hellip;]<\/p>\n","protected":false},"author":1,"featured_media":0,"parent":0,"menu_order":0,"comment_status":"closed","ping_status":"closed","template":"","meta":{"give_campaign_id":0,"footnotes":""},"class_list":["post-8701","page","type-page","status-publish","hentry"],"campaignId":"","_links":{"self":[{"href":"https:\/\/senseoflife.us\/es\/wp-json\/wp\/v2\/pages\/8701","targetHints":{"allow":["GET"]}}],"collection":[{"href":"https:\/\/senseoflife.us\/es\/wp-json\/wp\/v2\/pages"}],"about":[{"href":"https:\/\/senseoflife.us\/es\/wp-json\/wp\/v2\/types\/page"}],"author":[{"embeddable":true,"href":"https:\/\/senseoflife.us\/es\/wp-json\/wp\/v2\/users\/1"}],"replies":[{"embeddable":true,"href":"https:\/\/senseoflife.us\/es\/wp-json\/wp\/v2\/comments?post=8701"}],"version-history":[{"count":42,"href":"https:\/\/senseoflife.us\/es\/wp-json\/wp\/v2\/pages\/8701\/revisions"}],"predecessor-version":[{"id":9438,"href":"https:\/\/senseoflife.us\/es\/wp-json\/wp\/v2\/pages\/8701\/revisions\/9438"}],"wp:attachment":[{"href":"https:\/\/senseoflife.us\/es\/wp-json\/wp\/v2\/media?parent=8701"}],"curies":[{"name":"wp","href":"https:\/\/api.w.org\/{rel}","templated":true}]}}