{"id":8865,"date":"2022-08-15T20:27:09","date_gmt":"2022-08-15T20:27:09","guid":{"rendered":"http:\/\/senseoflife.us\/wordpress\/?page_id=8865"},"modified":"2023-05-24T18:15:43","modified_gmt":"2023-05-24T18:15:43","slug":"volunteer","status":"publish","type":"page","link":"https:\/\/senseoflife.us\/es\/volunteer\/","title":{"rendered":"Voluntario"},"content":{"rendered":"<div data-elementor-type=\"wp-page\" data-elementor-id=\"8865\" class=\"elementor elementor-8865\">\n\t\t\t\t\t\t<section class=\"elementor-section elementor-top-section elementor-element elementor-element-080f1c2 elementor-section-boxed elementor-section-height-default elementor-section-height-default\" data-id=\"080f1c2\" data-element_type=\"section\" data-e-type=\"section\">\n\t\t\t\t\t\t<div class=\"elementor-container elementor-column-gap-default\">\n\t\t\t\t\t<div class=\"elementor-column elementor-col-100 elementor-top-column elementor-element elementor-element-d93b092\" data-id=\"d93b092\" data-element_type=\"column\" data-e-type=\"column\">\n\t\t\t<div class=\"elementor-widget-wrap elementor-element-populated\">\n\t\t\t\t\t\t<div class=\"elementor-element elementor-element-0c0fac8 elementor-widget elementor-widget-heading\" data-id=\"0c0fac8\" data-element_type=\"widget\" data-e-type=\"widget\" data-widget_type=\"heading.default\">\n\t\t\t\t<div class=\"elementor-widget-container\">\n\t\t\t\t\t<h2 class=\"elementor-heading-title elementor-size-default\">\"De qui\u00e9n menos esperamos...es de qui\u00e9n m\u00e1s recibimos\"<\/h2>\t\t\t\t<\/div>\n\t\t\t\t<\/div>\n\t\t\t\t\t<\/div>\n\t\t<\/div>\n\t\t\t\t\t<\/div>\n\t\t<\/section>\n\t\t\t\t<section class=\"elementor-section elementor-top-section elementor-element elementor-element-9e67b88 elementor-section-boxed elementor-section-height-default elementor-section-height-default\" data-id=\"9e67b88\" data-element_type=\"section\" data-e-type=\"section\">\n\t\t\t\t\t\t<div class=\"elementor-container elementor-column-gap-default\">\n\t\t\t\t\t<div class=\"elementor-column elementor-col-100 elementor-top-column elementor-element elementor-element-d3afb2a\" data-id=\"d3afb2a\" data-element_type=\"column\" data-e-type=\"column\">\n\t\t\t<div class=\"elementor-widget-wrap elementor-element-populated\">\n\t\t\t\t\t\t\t<\/div>\n\t\t<\/div>\n\t\t\t\t\t<\/div>\n\t\t<\/section>\n\t\t\t\t<section class=\"elementor-section elementor-top-section elementor-element elementor-element-e3ff2fc elementor-section-boxed elementor-section-height-default elementor-section-height-default\" data-id=\"e3ff2fc\" data-element_type=\"section\" data-e-type=\"section\">\n\t\t\t\t\t\t<div class=\"elementor-container elementor-column-gap-default\">\n\t\t\t\t\t<div class=\"elementor-column elementor-col-100 elementor-top-column elementor-element elementor-element-1d053de\" data-id=\"1d053de\" data-element_type=\"column\" data-e-type=\"column\">\n\t\t\t<div class=\"elementor-widget-wrap elementor-element-populated\">\n\t\t\t\t\t\t<div class=\"elementor-element elementor-element-7b30ff7 elementor-widget elementor-widget-text-editor\" data-id=\"7b30ff7\" data-element_type=\"widget\" data-e-type=\"widget\" data-widget_type=\"text-editor.default\">\n\t\t\t\t<div class=\"elementor-widget-container\">\n\t\t\t\t\t\t\t\t\t<p>Gracias a los estudiantes del colegio San Gabriel y voluntarios de Corporaci\u00f3n Familia, un domingo al mes viajan a la regi\u00f3n de Atahualpa, donde viven m\u00e1s de 180 abuelitos sordos mudos en estado de abandono.\u00a0<\/p><p class=\"translation-block\">Los voluntarios  se involucran con la limpieza, alimentaci\u00f3n , apoyo emocional e incluso reparando los da\u00f1os en la vivienda de aquellos m\u00e1s necesitados.  Durante el mes de diciembre los voluntarios recolectan y donan ropa, mantas y alimentos.<\/p>\t\t\t\t\t\t\t\t<\/div>\n\t\t\t\t<\/div>\n\t\t\t\t\t<\/div>\n\t\t<\/div>\n\t\t\t\t\t<\/div>\n\t\t<\/section>\n\t\t\t\t<section class=\"elementor-section elementor-top-section elementor-element elementor-element-5468a4f elementor-section-boxed elementor-section-height-default elementor-section-height-default\" data-id=\"5468a4f\" data-element_type=\"section\" data-e-type=\"section\">\n\t\t\t\t\t\t<div class=\"elementor-container elementor-column-gap-default\">\n\t\t\t\t\t<div class=\"elementor-column elementor-col-33 elementor-top-column elementor-element elementor-element-d02b252\" data-id=\"d02b252\" data-element_type=\"column\" data-e-type=\"column\">\n\t\t\t<div class=\"elementor-widget-wrap elementor-element-populated\">\n\t\t\t\t\t\t<div class=\"elementor-element elementor-element-0e64f1f elementor-widget__width-initial elementor-widget elementor-widget-image\" data-id=\"0e64f1f\" data-element_type=\"widget\" data-e-type=\"widget\" data-widget_type=\"image.default\">\n\t\t\t\t<div class=\"elementor-widget-container\">\n\t\t\t\t\t\t\t\t\t\t\t\t\t\t\t<img fetchpriority=\"high\" decoding=\"async\" width=\"768\" height=\"573\" src=\"https:\/\/senseoflife.us\/wp-content\/uploads\/2023\/05\/estudiantes-1-3.jpg\" class=\"attachment-large size-large wp-image-9267\" alt=\"\" srcset=\"https:\/\/senseoflife.us\/wp-content\/uploads\/2023\/05\/estudiantes-1-3.jpg 768w, https:\/\/senseoflife.us\/wp-content\/uploads\/2023\/05\/estudiantes-1-3-300x224.jpg 300w, https:\/\/senseoflife.us\/wp-content\/uploads\/2023\/05\/estudiantes-1-3-16x12.jpg 16w\" sizes=\"(max-width: 768px) 100vw, 768px\" \/>\t\t\t\t\t\t\t\t\t\t\t\t\t\t\t<\/div>\n\t\t\t\t<\/div>\n\t\t\t\t\t<\/div>\n\t\t<\/div>\n\t\t\t\t<div class=\"elementor-column elementor-col-33 elementor-top-column elementor-element elementor-element-652553a\" data-id=\"652553a\" data-element_type=\"column\" data-e-type=\"column\">\n\t\t\t<div class=\"elementor-widget-wrap elementor-element-populated\">\n\t\t\t\t\t\t<div class=\"elementor-element elementor-element-b69908e elementor-widget__width-initial elementor-widget elementor-widget-image\" data-id=\"b69908e\" data-element_type=\"widget\" data-e-type=\"widget\" data-widget_type=\"image.default\">\n\t\t\t\t<div class=\"elementor-widget-container\">\n\t\t\t\t\t\t\t\t\t\t\t\t\t\t\t<img decoding=\"async\" width=\"591\" height=\"443\" src=\"https:\/\/senseoflife.us\/wp-content\/uploads\/2023\/05\/estudiantes-2-4.jpg\" class=\"attachment-large size-large wp-image-9269\" alt=\"\" srcset=\"https:\/\/senseoflife.us\/wp-content\/uploads\/2023\/05\/estudiantes-2-4.jpg 591w, https:\/\/senseoflife.us\/wp-content\/uploads\/2023\/05\/estudiantes-2-4-300x225.jpg 300w, https:\/\/senseoflife.us\/wp-content\/uploads\/2023\/05\/estudiantes-2-4-16x12.jpg 16w\" sizes=\"(max-width: 591px) 100vw, 591px\" \/>\t\t\t\t\t\t\t\t\t\t\t\t\t\t\t<\/div>\n\t\t\t\t<\/div>\n\t\t\t\t\t<\/div>\n\t\t<\/div>\n\t\t\t\t<div class=\"elementor-column elementor-col-33 elementor-top-column elementor-element elementor-element-e3db4f9\" data-id=\"e3db4f9\" data-element_type=\"column\" data-e-type=\"column\">\n\t\t\t<div class=\"elementor-widget-wrap elementor-element-populated\">\n\t\t\t\t\t\t<div class=\"elementor-element elementor-element-2e14940 elementor-widget__width-initial elementor-widget elementor-widget-image\" data-id=\"2e14940\" data-element_type=\"widget\" data-e-type=\"widget\" data-widget_type=\"image.default\">\n\t\t\t\t<div class=\"elementor-widget-container\">\n\t\t\t\t\t\t\t\t\t\t\t\t\t\t\t<img decoding=\"async\" width=\"591\" height=\"443\" src=\"https:\/\/senseoflife.us\/wp-content\/uploads\/2023\/05\/estudiantes-7.jpg\" class=\"attachment-large size-large wp-image-9270\" alt=\"\" srcset=\"https:\/\/senseoflife.us\/wp-content\/uploads\/2023\/05\/estudiantes-7.jpg 591w, https:\/\/senseoflife.us\/wp-content\/uploads\/2023\/05\/estudiantes-7-300x225.jpg 300w, https:\/\/senseoflife.us\/wp-content\/uploads\/2023\/05\/estudiantes-7-16x12.jpg 16w\" sizes=\"(max-width: 591px) 100vw, 591px\" \/>\t\t\t\t\t\t\t\t\t\t\t\t\t\t\t<\/div>\n\t\t\t\t<\/div>\n\t\t\t\t\t<\/div>\n\t\t<\/div>\n\t\t\t\t\t<\/div>\n\t\t<\/section>\n\t\t\t\t<section class=\"elementor-section elementor-top-section elementor-element elementor-element-ed52f5b elementor-section-boxed elementor-section-height-default elementor-section-height-default\" data-id=\"ed52f5b\" data-element_type=\"section\" data-e-type=\"section\">\n\t\t\t\t\t\t<div class=\"elementor-container elementor-column-gap-default\">\n\t\t\t\t\t<div class=\"elementor-column elementor-col-33 elementor-top-column elementor-element elementor-element-e760b91\" data-id=\"e760b91\" data-element_type=\"column\" data-e-type=\"column\">\n\t\t\t<div class=\"elementor-widget-wrap elementor-element-populated\">\n\t\t\t\t\t\t<div class=\"elementor-element elementor-element-427c4aa elementor-widget elementor-widget-image\" data-id=\"427c4aa\" data-element_type=\"widget\" data-e-type=\"widget\" data-widget_type=\"image.default\">\n\t\t\t\t<div class=\"elementor-widget-container\">\n\t\t\t\t\t\t\t\t\t\t\t\t\t\t\t<img loading=\"lazy\" decoding=\"async\" width=\"1004\" height=\"591\" src=\"https:\/\/senseoflife.us\/wp-content\/uploads\/2023\/05\/estudiantes5-3.jpg\" class=\"attachment-large size-large wp-image-9290\" alt=\"\" srcset=\"https:\/\/senseoflife.us\/wp-content\/uploads\/2023\/05\/estudiantes5-3.jpg 1004w, https:\/\/senseoflife.us\/wp-content\/uploads\/2023\/05\/estudiantes5-3-300x177.jpg 300w, https:\/\/senseoflife.us\/wp-content\/uploads\/2023\/05\/estudiantes5-3-768x452.jpg 768w, https:\/\/senseoflife.us\/wp-content\/uploads\/2023\/05\/estudiantes5-3-18x12.jpg 18w\" sizes=\"(max-width: 1004px) 100vw, 1004px\" \/>\t\t\t\t\t\t\t\t\t\t\t\t\t\t\t<\/div>\n\t\t\t\t<\/div>\n\t\t\t\t\t<\/div>\n\t\t<\/div>\n\t\t\t\t<div class=\"elementor-column elementor-col-33 elementor-top-column elementor-element elementor-element-8233992\" data-id=\"8233992\" data-element_type=\"column\" data-e-type=\"column\">\n\t\t\t<div class=\"elementor-widget-wrap elementor-element-populated\">\n\t\t\t\t\t\t<div class=\"elementor-element elementor-element-90ba976 elementor-widget elementor-widget-image\" data-id=\"90ba976\" data-element_type=\"widget\" data-e-type=\"widget\" data-widget_type=\"image.default\">\n\t\t\t\t<div class=\"elementor-widget-container\">\n\t\t\t\t\t\t\t\t\t\t\t\t\t\t\t<img loading=\"lazy\" decoding=\"async\" width=\"945\" height=\"531\" src=\"https:\/\/senseoflife.us\/wp-content\/uploads\/2023\/05\/estudiantes6-3.jpg\" class=\"attachment-large size-large wp-image-9291\" alt=\"\" srcset=\"https:\/\/senseoflife.us\/wp-content\/uploads\/2023\/05\/estudiantes6-3.jpg 945w, https:\/\/senseoflife.us\/wp-content\/uploads\/2023\/05\/estudiantes6-3-300x169.jpg 300w, https:\/\/senseoflife.us\/wp-content\/uploads\/2023\/05\/estudiantes6-3-768x432.jpg 768w, https:\/\/senseoflife.us\/wp-content\/uploads\/2023\/05\/estudiantes6-3-18x10.jpg 18w\" sizes=\"(max-width: 945px) 100vw, 945px\" \/>\t\t\t\t\t\t\t\t\t\t\t\t\t\t\t<\/div>\n\t\t\t\t<\/div>\n\t\t\t\t\t<\/div>\n\t\t<\/div>\n\t\t\t\t<div class=\"elementor-column elementor-col-33 elementor-top-column elementor-element elementor-element-2091097\" data-id=\"2091097\" data-element_type=\"column\" data-e-type=\"column\">\n\t\t\t<div class=\"elementor-widget-wrap elementor-element-populated\">\n\t\t\t\t\t\t<div class=\"elementor-element elementor-element-758ced2 elementor-widget__width-initial elementor-widget elementor-widget-image\" data-id=\"758ced2\" data-element_type=\"widget\" data-e-type=\"widget\" data-widget_type=\"image.default\">\n\t\t\t\t<div class=\"elementor-widget-container\">\n\t\t\t\t\t\t\t\t\t\t\t\t\t\t\t<img loading=\"lazy\" decoding=\"async\" width=\"591\" height=\"443\" src=\"https:\/\/senseoflife.us\/wp-content\/uploads\/2023\/05\/estudiantes9.jpg\" class=\"attachment-large size-large wp-image-9293\" alt=\"\" srcset=\"https:\/\/senseoflife.us\/wp-content\/uploads\/2023\/05\/estudiantes9.jpg 591w, https:\/\/senseoflife.us\/wp-content\/uploads\/2023\/05\/estudiantes9-300x225.jpg 300w, https:\/\/senseoflife.us\/wp-content\/uploads\/2023\/05\/estudiantes9-16x12.jpg 16w\" sizes=\"(max-width: 591px) 100vw, 591px\" \/>\t\t\t\t\t\t\t\t\t\t\t\t\t\t\t<\/div>\n\t\t\t\t<\/div>\n\t\t\t\t\t<\/div>\n\t\t<\/div>\n\t\t\t\t\t<\/div>\n\t\t<\/section>\n\t\t\t\t<\/div>","protected":false},"excerpt":{"rendered":"<p>&#8220;From whom we expect the least&#8230;is from whom we receive the most&#8221; Thanks to the students of the San Gabriel school and volunteers from Corporaci\u00f3n Familia, one Sunday a month they travel to the Atahualpa region, where more than 180 deaf-mute grandparents live in a state of abandonment.\u00a0 Volunteers get involved with cleaning, feeding, emotional [&hellip;]<\/p>\n","protected":false},"author":1,"featured_media":0,"parent":0,"menu_order":0,"comment_status":"closed","ping_status":"closed","template":"","meta":{"give_campaign_id":0,"footnotes":""},"class_list":["post-8865","page","type-page","status-publish","hentry"],"campaignId":"","_links":{"self":[{"href":"https:\/\/senseoflife.us\/es\/wp-json\/wp\/v2\/pages\/8865","targetHints":{"allow":["GET"]}}],"collection":[{"href":"https:\/\/senseoflife.us\/es\/wp-json\/wp\/v2\/pages"}],"about":[{"href":"https:\/\/senseoflife.us\/es\/wp-json\/wp\/v2\/types\/page"}],"author":[{"embeddable":true,"href":"https:\/\/senseoflife.us\/es\/wp-json\/wp\/v2\/users\/1"}],"replies":[{"embeddable":true,"href":"https:\/\/senseoflife.us\/es\/wp-json\/wp\/v2\/comments?post=8865"}],"version-history":[{"count":49,"href":"https:\/\/senseoflife.us\/es\/wp-json\/wp\/v2\/pages\/8865\/revisions"}],"predecessor-version":[{"id":9331,"href":"https:\/\/senseoflife.us\/es\/wp-json\/wp\/v2\/pages\/8865\/revisions\/9331"}],"wp:attachment":[{"href":"https:\/\/senseoflife.us\/es\/wp-json\/wp\/v2\/media?parent=8865"}],"curies":[{"name":"wp","href":"https:\/\/api.w.org\/{rel}","templated":true}]}}